{"id":3129,"date":"2015-12-03T09:41:13","date_gmt":"2015-12-03T08:41:13","guid":{"rendered":"http:\/\/tecnomallas2.idiscit.com\/home\/"},"modified":"2023-02-11T01:04:50","modified_gmt":"2023-02-11T00:04:50","slug":"empresa","status":"publish","type":"page","link":"https:\/\/www.tecnomallas.com\/fr\/","title":{"rendered":"ENTREPRISE"},"content":{"rendered":"","protected":false},"excerpt":{"rendered":"","protected":false},"author":1,"featured_media":0,"parent":0,"menu_order":1,"comment_status":"closed","ping_status":"closed","template":"","meta":{"footnotes":""},"class_list":["post-3129","page","type-page","status-publish","hentry"],"yoast_head":"<!-- This site is optimized with the Yoast SEO plugin v25.7 - https:\/\/yoast.com\/wordpress\/plugins\/seo\/ -->\n<title>Tecnomallas. Panneau Serrurier<\/title>\n<meta name=\"description\" content=\"Tecnomallas est un fabricant et exportateur de treillis \u00e9lectrosoud\u00e9 sous diff\u00e9rentes formes : cl\u00f4ture pli\u00e9e, cl\u00f4ture mobile, panneau ou treillis lisse.\" \/>\n<meta name=\"robots\" content=\"index, follow, max-snippet:-1, max-image-preview:large, max-video-preview:-1\" \/>\n<link rel=\"canonical\" href=\"https:\/\/www.tecnomallas.com\/fr\/\" \/>\n<meta property=\"og:locale\" content=\"fr_FR\" \/>\n<meta property=\"og:type\" content=\"article\" \/>\n<meta property=\"og:title\" content=\"Tecnomallas. Panneau Serrurier\" \/>\n<meta property=\"og:description\" content=\"Tecnomallas est un fabricant et exportateur de treillis \u00e9lectrosoud\u00e9 sous diff\u00e9rentes formes : cl\u00f4ture pli\u00e9e, cl\u00f4ture mobile, panneau ou treillis lisse.\" \/>\n<meta property=\"og:url\" content=\"https:\/\/www.tecnomallas.com\/fr\/\" \/>\n<meta property=\"og:site_name\" content=\"Tecnomallas\" \/>\n<meta property=\"article:modified_time\" content=\"2023-02-11T00:04:50+00:00\" \/>\n<meta name=\"twitter:card\" content=\"summary_large_image\" \/>\n<script type=\"application\/ld+json\" class=\"yoast-schema-graph\">{\"@context\":\"https:\/\/schema.org\",\"@graph\":[{\"@type\":\"WebPage\",\"@id\":\"https:\/\/www.tecnomallas.com\/fr\/\",\"url\":\"https:\/\/www.tecnomallas.com\/fr\/\",\"name\":\"Tecnomallas. Panneau Serrurier\",\"isPartOf\":{\"@id\":\"https:\/\/www.tecnomallas.com\/fr\/#website\"},\"datePublished\":\"2015-12-03T08:41:13+00:00\",\"dateModified\":\"2023-02-11T00:04:50+00:00\",\"description\":\"Tecnomallas est un fabricant et exportateur de treillis \u00e9lectrosoud\u00e9 sous diff\u00e9rentes formes : cl\u00f4ture pli\u00e9e, cl\u00f4ture mobile, panneau ou treillis lisse.\",\"breadcrumb\":{\"@id\":\"https:\/\/www.tecnomallas.com\/fr\/#breadcrumb\"},\"inLanguage\":\"fr-FR\",\"potentialAction\":[{\"@type\":\"ReadAction\",\"target\":[\"https:\/\/www.tecnomallas.com\/fr\/\"]}]},{\"@type\":\"BreadcrumbList\",\"@id\":\"https:\/\/www.tecnomallas.com\/fr\/#breadcrumb\",\"itemListElement\":[{\"@type\":\"ListItem\",\"position\":1,\"name\":\"Portada\",\"item\":\"https:\/\/www.tecnomallas.com\/fr\/\"},{\"@type\":\"ListItem\",\"position\":2,\"name\":\"ENTREPRISE\"}]},{\"@type\":\"WebSite\",\"@id\":\"https:\/\/www.tecnomallas.com\/fr\/#website\",\"url\":\"https:\/\/www.tecnomallas.com\/fr\/\",\"name\":\"Tecnomallas\",\"description\":\"Fabricamos los mejores sitemas de cerramientos\",\"publisher\":{\"@id\":\"https:\/\/www.tecnomallas.com\/fr\/#organization\"},\"alternateName\":\"Tecnomallas\",\"potentialAction\":[{\"@type\":\"SearchAction\",\"target\":{\"@type\":\"EntryPoint\",\"urlTemplate\":\"https:\/\/www.tecnomallas.com\/fr\/?s={search_term_string}\"},\"query-input\":{\"@type\":\"PropertyValueSpecification\",\"valueRequired\":true,\"valueName\":\"search_term_string\"}}],\"inLanguage\":\"fr-FR\"},{\"@type\":\"Organization\",\"@id\":\"https:\/\/www.tecnomallas.com\/fr\/#organization\",\"name\":\"TECNOMALLAS, S.A\",\"url\":\"https:\/\/www.tecnomallas.com\/fr\/\",\"logo\":{\"@type\":\"ImageObject\",\"inLanguage\":\"fr-FR\",\"@id\":\"https:\/\/www.tecnomallas.com\/fr\/#\/schema\/logo\/image\/\",\"url\":\"https:\/\/www.tecnomallas.com\/wp-content\/uploads\/ls-project-1-slide-2-2.jpg\",\"contentUrl\":\"https:\/\/www.tecnomallas.com\/wp-content\/uploads\/ls-project-1-slide-2-2.jpg\",\"width\":1280,\"height\":505,\"caption\":\"TECNOMALLAS, S.A\"},\"image\":{\"@id\":\"https:\/\/www.tecnomallas.com\/fr\/#\/schema\/logo\/image\/\"},\"sameAs\":[\"https:\/\/www.instagram.com\/tecnomallas.sa\/?igshid=YmMyMTA2M2Y\",\"https:\/\/www.linkedin.com\/company\/industrias-tecnomallas\/\"]}]}<\/script>\n<!-- \/ Yoast SEO plugin. -->","yoast_head_json":{"title":"Tecnomallas. Panneau Serrurier","description":"Tecnomallas est un fabricant et exportateur de treillis \u00e9lectrosoud\u00e9 sous diff\u00e9rentes formes : cl\u00f4ture pli\u00e9e, cl\u00f4ture mobile, panneau ou treillis lisse.","robots":{"index":"index","follow":"follow","max-snippet":"max-snippet:-1","max-image-preview":"max-image-preview:large","max-video-preview":"max-video-preview:-1"},"canonical":"https:\/\/www.tecnomallas.com\/fr\/","og_locale":"fr_FR","og_type":"article","og_title":"Tecnomallas. Panneau Serrurier","og_description":"Tecnomallas est un fabricant et exportateur de treillis \u00e9lectrosoud\u00e9 sous diff\u00e9rentes formes : cl\u00f4ture pli\u00e9e, cl\u00f4ture mobile, panneau ou treillis lisse.","og_url":"https:\/\/www.tecnomallas.com\/fr\/","og_site_name":"Tecnomallas","article_modified_time":"2023-02-11T00:04:50+00:00","twitter_card":"summary_large_image","schema":{"@context":"https:\/\/schema.org","@graph":[{"@type":"WebPage","@id":"https:\/\/www.tecnomallas.com\/fr\/","url":"https:\/\/www.tecnomallas.com\/fr\/","name":"Tecnomallas. Panneau Serrurier","isPartOf":{"@id":"https:\/\/www.tecnomallas.com\/fr\/#website"},"datePublished":"2015-12-03T08:41:13+00:00","dateModified":"2023-02-11T00:04:50+00:00","description":"Tecnomallas est un fabricant et exportateur de treillis \u00e9lectrosoud\u00e9 sous diff\u00e9rentes formes : cl\u00f4ture pli\u00e9e, cl\u00f4ture mobile, panneau ou treillis lisse.","breadcrumb":{"@id":"https:\/\/www.tecnomallas.com\/fr\/#breadcrumb"},"inLanguage":"fr-FR","potentialAction":[{"@type":"ReadAction","target":["https:\/\/www.tecnomallas.com\/fr\/"]}]},{"@type":"BreadcrumbList","@id":"https:\/\/www.tecnomallas.com\/fr\/#breadcrumb","itemListElement":[{"@type":"ListItem","position":1,"name":"Portada","item":"https:\/\/www.tecnomallas.com\/fr\/"},{"@type":"ListItem","position":2,"name":"ENTREPRISE"}]},{"@type":"WebSite","@id":"https:\/\/www.tecnomallas.com\/fr\/#website","url":"https:\/\/www.tecnomallas.com\/fr\/","name":"Tecnomallas","description":"Fabricamos los mejores sitemas de cerramientos","publisher":{"@id":"https:\/\/www.tecnomallas.com\/fr\/#organization"},"alternateName":"Tecnomallas","potentialAction":[{"@type":"SearchAction","target":{"@type":"EntryPoint","urlTemplate":"https:\/\/www.tecnomallas.com\/fr\/?s={search_term_string}"},"query-input":{"@type":"PropertyValueSpecification","valueRequired":true,"valueName":"search_term_string"}}],"inLanguage":"fr-FR"},{"@type":"Organization","@id":"https:\/\/www.tecnomallas.com\/fr\/#organization","name":"TECNOMALLAS, S.A","url":"https:\/\/www.tecnomallas.com\/fr\/","logo":{"@type":"ImageObject","inLanguage":"fr-FR","@id":"https:\/\/www.tecnomallas.com\/fr\/#\/schema\/logo\/image\/","url":"https:\/\/www.tecnomallas.com\/wp-content\/uploads\/ls-project-1-slide-2-2.jpg","contentUrl":"https:\/\/www.tecnomallas.com\/wp-content\/uploads\/ls-project-1-slide-2-2.jpg","width":1280,"height":505,"caption":"TECNOMALLAS, S.A"},"image":{"@id":"https:\/\/www.tecnomallas.com\/fr\/#\/schema\/logo\/image\/"},"sameAs":["https:\/\/www.instagram.com\/tecnomallas.sa\/?igshid=YmMyMTA2M2Y","https:\/\/www.linkedin.com\/company\/industrias-tecnomallas\/"]}]}},"_links":{"self":[{"href":"https:\/\/www.tecnomallas.com\/fr\/wp-json\/wp\/v2\/pages\/3129","targetHints":{"allow":["GET"]}}],"collection":[{"href":"https:\/\/www.tecnomallas.com\/fr\/wp-json\/wp\/v2\/pages"}],"about":[{"href":"https:\/\/www.tecnomallas.com\/fr\/wp-json\/wp\/v2\/types\/page"}],"author":[{"embeddable":true,"href":"https:\/\/www.tecnomallas.com\/fr\/wp-json\/wp\/v2\/users\/1"}],"replies":[{"embeddable":true,"href":"https:\/\/www.tecnomallas.com\/fr\/wp-json\/wp\/v2\/comments?post=3129"}],"version-history":[{"count":1,"href":"https:\/\/www.tecnomallas.com\/fr\/wp-json\/wp\/v2\/pages\/3129\/revisions"}],"predecessor-version":[{"id":3527,"href":"https:\/\/www.tecnomallas.com\/fr\/wp-json\/wp\/v2\/pages\/3129\/revisions\/3527"}],"wp:attachment":[{"href":"https:\/\/www.tecnomallas.com\/fr\/wp-json\/wp\/v2\/media?parent=3129"}],"curies":[{"name":"wp","href":"https:\/\/api.w.org\/{rel}","templated":true}]}}